{"id":2531,"date":"2020-09-08T13:25:00","date_gmt":"2020-09-08T13:25:00","guid":{"rendered":"https:\/\/alloggio.qodeinteractive.com\/?page_id=2531"},"modified":"2023-11-27T16:05:18","modified_gmt":"2023-11-27T16:05:18","slug":"contact","status":"publish","type":"page","link":"https:\/\/www.sinerop.com\/reserva-es\/contact\/","title":{"rendered":"Contactos"},"content":{"rendered":"\t\t<div data-elementor-type=\"wp-page\" data-elementor-id=\"2531\" class=\"elementor elementor-2531\">\n\t\t\t\t\t\t<section class=\"elementor-section elementor-top-section elementor-element elementor-element-c9042e3 elementor-section-full_width qodef-elementor-content-grid elementor-section-height-default elementor-section-height-default\" data-id=\"c9042e3\" data-element_type=\"section\" data-e-type=\"section\">\n\t\t\t\t\t\t<div class=\"elementor-container elementor-column-gap-no\">\n\t\t\t\t\t<div class=\"elementor-column elementor-col-50 elementor-top-column elementor-element elementor-element-cc5b1cc\" data-id=\"cc5b1cc\" data-element_type=\"column\" data-e-type=\"column\">\n\t\t\t<div class=\"elementor-widget-wrap elementor-element-populated\">\n\t\t\t\t\t\t<div class=\"elementor-element elementor-element-8f268a7 elementor-widget elementor-widget-text-editor\" data-id=\"8f268a7\" data-element_type=\"widget\" data-e-type=\"widget\" data-widget_type=\"text-editor.default\">\n\t\t\t\t<div class=\"elementor-widget-container\">\n\t\t\t\t\t\t\t\t\t<h4>Sinta-se livre para nos contatar<\/h4>\t\t\t\t\t\t\t\t<\/div>\n\t\t\t\t<\/div>\n\t\t\t\t<div class=\"elementor-element elementor-element-d48a068 elementor-widget elementor-widget-text-editor\" data-id=\"d48a068\" data-element_type=\"widget\" data-e-type=\"widget\" data-widget_type=\"text-editor.default\">\n\t\t\t\t<div class=\"elementor-widget-container\">\n\t\t\t\t\t\t\t\t\t<p>Sinta-se livre para entrar em contato conosco. Valorizamos seus coment\u00e1rios, perguntas e sugest\u00f5es. Nossa equipe dedicada est\u00e1 aqui para ajud\u00e1-lo. Voc\u00ea pode entrar em contato conosco por e-mail, telefone ou preenchendo o formul\u00e1rio de contato abaixo. Esperamos ouvir de voc\u00ea em breve!<\/p><p>Tem uma pergunta ou precisa de ajuda? Sinta-se \u00e0 vontade para entrar em contato conosco pelo WhatsApp e nossa equipe ter\u00e1 prazer em atend\u00ea-lo. Basta adicionar nosso n\u00famero de WhatsApp aos seus contatos e nos enviar uma mensagem. N\u00f3s estamos aqui para ajudar!<\/p><p><a href=\"mailto:sinerop@gmail.com\"><img decoding=\"async\" class=\"alignnone wp-image-5653\" src=\"https:\/\/www.sinerop.com\/reserva-es\/wp-content\/uploads\/sites\/6\/2023\/10\/1643628397_1-papik-pro-p-pochta-logotip-1-1-300x300.png\" alt=\"\" width=\"35\" height=\"35\" srcset=\"https:\/\/www.sinerop.com\/reserva-es\/wp-content\/uploads\/sites\/6\/2023\/10\/1643628397_1-papik-pro-p-pochta-logotip-1-1-300x300.png 300w, https:\/\/www.sinerop.com\/reserva-es\/wp-content\/uploads\/sites\/6\/2023\/10\/1643628397_1-papik-pro-p-pochta-logotip-1-1-1024x1024.png 1024w, https:\/\/www.sinerop.com\/reserva-es\/wp-content\/uploads\/sites\/6\/2023\/10\/1643628397_1-papik-pro-p-pochta-logotip-1-1-150x150.png 150w, https:\/\/www.sinerop.com\/reserva-es\/wp-content\/uploads\/sites\/6\/2023\/10\/1643628397_1-papik-pro-p-pochta-logotip-1-1-768x768.png 768w, https:\/\/www.sinerop.com\/reserva-es\/wp-content\/uploads\/sites\/6\/2023\/10\/1643628397_1-papik-pro-p-pochta-logotip-1-1-650x650.png 650w, https:\/\/www.sinerop.com\/reserva-es\/wp-content\/uploads\/sites\/6\/2023\/10\/1643628397_1-papik-pro-p-pochta-logotip-1-1-600x600.png 600w, https:\/\/www.sinerop.com\/reserva-es\/wp-content\/uploads\/sites\/6\/2023\/10\/1643628397_1-papik-pro-p-pochta-logotip-1-1-100x100.png 100w, https:\/\/www.sinerop.com\/reserva-es\/wp-content\/uploads\/sites\/6\/2023\/10\/1643628397_1-papik-pro-p-pochta-logotip-1-1.png 1201w\" sizes=\"(max-width: 35px) 100vw, 35px\" \/><\/a> \u00a0 \u00a0<a href=\"https:\/\/wa.me\/351914558655\" target=\"_blank\" rel=\"noopener\"><img decoding=\"async\" class=\"wp-image-5607 alignnone\" src=\"https:\/\/www.sinerop.com\/reserva-es\/wp-content\/uploads\/sites\/6\/2023\/10\/pngtree-whatsapp-mobile-software-icon-png-image_6315991-300x300.png\" alt=\"\" width=\"34\" height=\"34\" srcset=\"https:\/\/www.sinerop.com\/reserva-es\/wp-content\/uploads\/sites\/6\/2023\/10\/pngtree-whatsapp-mobile-software-icon-png-image_6315991-300x300.png 300w, https:\/\/www.sinerop.com\/reserva-es\/wp-content\/uploads\/sites\/6\/2023\/10\/pngtree-whatsapp-mobile-software-icon-png-image_6315991-150x150.png 150w, https:\/\/www.sinerop.com\/reserva-es\/wp-content\/uploads\/sites\/6\/2023\/10\/pngtree-whatsapp-mobile-software-icon-png-image_6315991-100x100.png 100w, https:\/\/www.sinerop.com\/reserva-es\/wp-content\/uploads\/sites\/6\/2023\/10\/pngtree-whatsapp-mobile-software-icon-png-image_6315991.png 360w\" sizes=\"(max-width: 34px) 100vw, 34px\" \/><\/a><\/p>\t\t\t\t\t\t\t\t<\/div>\n\t\t\t\t<\/div>\n\t\t\t\t<div class=\"elementor-element elementor-element-571a13c elementor-widget elementor-widget-text-editor\" data-id=\"571a13c\" data-element_type=\"widget\" data-e-type=\"widget\" data-widget_type=\"text-editor.default\">\n\t\t\t\t<div class=\"elementor-widget-container\">\n\t\t\t\t\t\t\t\t\t<h4>Visite-nos no nosso escrit\u00f3rio em Albufeira.<\/h4>\t\t\t\t\t\t\t\t<\/div>\n\t\t\t\t<\/div>\n\t\t\t\t<div class=\"elementor-element elementor-element-ef5c885 elementor-widget elementor-widget-text-editor\" data-id=\"ef5c885\" data-element_type=\"widget\" data-e-type=\"widget\" data-widget_type=\"text-editor.default\">\n\t\t\t\t<div class=\"elementor-widget-container\">\n\t\t\t\t\t\t\t\t\t<p>Para planear as suas pr\u00f3ximas f\u00e9rias, tamb\u00e9m pode visitar o nosso escrit\u00f3rio, discutir um desconto, pr\u00e9-visualizar as nossas ofertas e falar com a nossa equipa R. Almeida Garrett, \u2116 15<\/p>\t\t\t\t\t\t\t\t<\/div>\n\t\t\t\t<\/div>\n\t\t\t\t\t<\/div>\n\t\t<\/div>\n\t\t\t\t<div class=\"elementor-column elementor-col-50 elementor-top-column elementor-element elementor-element-7ca5e6f\" data-id=\"7ca5e6f\" data-element_type=\"column\" data-e-type=\"column\">\n\t\t\t<div class=\"elementor-widget-wrap elementor-element-populated\">\n\t\t\t\t\t\t<div class=\"elementor-element elementor-element-f52185c elementor-widget elementor-widget-text-editor\" data-id=\"f52185c\" data-element_type=\"widget\" data-e-type=\"widget\" data-widget_type=\"text-editor.default\">\n\t\t\t\t<div class=\"elementor-widget-container\">\n\t\t\t\t\t\t\t\t\t<h4>Como podemos ajudar?<\/h4>\t\t\t\t\t\t\t\t<\/div>\n\t\t\t\t<\/div>\n\t\t\t\t<div class=\"elementor-element elementor-element-f340d5e elementor-widget elementor-widget-text-editor\" data-id=\"f340d5e\" data-element_type=\"widget\" data-e-type=\"widget\" data-widget_type=\"text-editor.default\">\n\t\t\t\t<div class=\"elementor-widget-container\">\n\t\t\t\t\t\t\t\t\t<p>Estamos empenhados em atender \u00e0s suas necessidades e garantir a sua satisfa\u00e7\u00e3o. Nossos servi\u00e7os s\u00e3o projetados para ajud\u00e1-lo com uma ampla gama de d\u00favidas e suporte. Estamos aqui para colaborar consigo e encontrar as melhores solu\u00e7\u00f5es. N\u00e3o hesite em entrar em contato conosco para discutir como podemos ajud\u00e1-lo a atingir seus objetivos e atender \u00e0s suas necessidades.<\/p>\t\t\t\t\t\t\t\t<\/div>\n\t\t\t\t<\/div>\n\t\t\t\t<div class=\"elementor-element elementor-element-694fb05 elementor-widget elementor-widget-wp-widget-alloggio_core_contact_form_7\" data-id=\"694fb05\" data-element_type=\"widget\" data-e-type=\"widget\" data-widget_type=\"wp-widget-alloggio_core_contact_form_7.default\">\n\t\t\t\t<div class=\"elementor-widget-container\">\n\t\t\t\t\t\t\t\t<div class=\"qodef-contact-form-7\">\n\t\t\t\t\n<div class=\"wpcf7 no-js\" id=\"wpcf7-f256-o1\" lang=\"en-US\" dir=\"ltr\" data-wpcf7-id=\"256\">\n<div class=\"screen-reader-response\"><p role=\"status\" aria-live=\"polite\" aria-atomic=\"true\"><\/p> <ul><\/ul><\/div>\n<form action=\"\/reserva-es\/wp-json\/wp\/v2\/pages\/2531#wpcf7-f256-o1\" method=\"post\" class=\"wpcf7-form init\" aria-label=\"Contact form\" novalidate=\"novalidate\" data-status=\"init\">\n<fieldset class=\"hidden-fields-container\"><input type=\"hidden\" name=\"_wpcf7\" value=\"256\" \/><input type=\"hidden\" name=\"_wpcf7_version\" value=\"6.1.5\" \/><input type=\"hidden\" name=\"_wpcf7_locale\" value=\"en_US\" \/><input type=\"hidden\" name=\"_wpcf7_unit_tag\" value=\"wpcf7-f256-o1\" \/><input type=\"hidden\" name=\"_wpcf7_container_post\" value=\"0\" \/><input type=\"hidden\" name=\"_wpcf7_posted_data_hash\" value=\"\" \/>\n<\/fieldset>\n<div class=\"qodef-grid qodef-gutter--small\"><div class=\"qodef-grid-inner\"><div class=\"qodef-grid-item\">\n<label> Primeiro nome\n    <span class=\"wpcf7-form-control-wrap\" data-name=\"your-name\"><input size=\"40\" maxlength=\"400\" class=\"wpcf7-form-control wpcf7-text wpcf7-validates-as-required\" aria-required=\"true\" aria-invalid=\"false\" value=\"\" type=\"text\" name=\"your-name\" \/><\/span> <\/label>\n<\/div><\/div><\/div>\n<div class=\"qodef-grid qodef-gutter--small\"><div class=\"qodef-grid-inner\"><div class=\"qodef-grid-item\">\n<label> Direcci\u00f3n de correo electr\u00f3nico\n    <span class=\"wpcf7-form-control-wrap\" data-name=\"your-email\"><input size=\"40\" maxlength=\"400\" class=\"wpcf7-form-control wpcf7-email wpcf7-validates-as-required wpcf7-text wpcf7-validates-as-email\" aria-required=\"true\" aria-invalid=\"false\" value=\"\" type=\"email\" name=\"your-email\" \/><\/span> <\/label>\n<\/div><\/div><\/div>\n<div class=\"qodef-grid qodef-gutter--normal\"><div class=\"qodef-grid-inner\"><div class=\"qodef-grid-item\">\n<label> escribe tu mensaje\n    <span class=\"wpcf7-form-control-wrap\" data-name=\"your-message\"><textarea cols=\"40\" rows=\"6\" maxlength=\"2000\" class=\"wpcf7-form-control wpcf7-textarea\" aria-invalid=\"false\" name=\"your-message\"><\/textarea><\/span> <\/label>\n<\/div><\/div><\/div>\n\n<button class=\"wpcf7-form-control wpcf7-submit qodef-button qodef-size--normal qodef-type--outlined qodef-m\" type=\"submit\"><span class=\"qodef-m-text\">Mandar<\/span><\/button><div class=\"wpcf7-response-output\" aria-hidden=\"true\"><\/div>\n<\/form>\n<\/div>\n\t\t\t<\/div>\n\t\t\t\t\t\t\t<\/div>\n\t\t\t\t<\/div>\n\t\t\t\t\t<\/div>\n\t\t<\/div>\n\t\t\t\t\t<\/div>\n\t\t<\/section>\n\t\t\t\t<section class=\"elementor-section elementor-top-section elementor-element elementor-element-e345914 elementor-section-boxed elementor-section-height-default elementor-section-height-default qodef-elementor-content-no\" data-id=\"e345914\" data-element_type=\"section\" data-e-type=\"section\">\n\t\t\t\t\t\t<div class=\"elementor-container elementor-column-gap-default\">\n\t\t\t\t\t<div class=\"elementor-column elementor-col-100 elementor-top-column elementor-element elementor-element-678d468\" data-id=\"678d468\" data-element_type=\"column\" data-e-type=\"column\">\n\t\t\t<div class=\"elementor-widget-wrap elementor-element-populated\">\n\t\t\t\t\t\t<div class=\"elementor-element elementor-element-174ee52 elementor-widget elementor-widget-google_maps\" data-id=\"174ee52\" data-element_type=\"widget\" data-e-type=\"widget\" data-widget_type=\"google_maps.default\">\n\t\t\t\t<div class=\"elementor-widget-container\">\n\t\t\t\t\t\t\t<div class=\"elementor-custom-embed\">\n\t\t\t<iframe loading=\"lazy\"\n\t\t\t\t\tsrc=\"https:\/\/maps.google.com\/maps?q=Portugal%20Albufeira%20R.%20Almeida%20Garret%20n.%2015&#038;t=m&#038;z=19&#038;output=embed&#038;iwloc=near\"\n\t\t\t\t\ttitle=\"Portugal Albufeira R. Almeida Garret n. 15\"\n\t\t\t\t\taria-label=\"Portugal Albufeira R. Almeida Garret n. 15\"\n\t\t\t><\/iframe>\n\t\t<\/div>\n\t\t\t\t\t\t<\/div>\n\t\t\t\t<\/div>\n\t\t\t\t\t<\/div>\n\t\t<\/div>\n\t\t\t\t\t<\/div>\n\t\t<\/section>\n\t\t\t\t<section class=\"elementor-section elementor-top-section elementor-element elementor-element-48920046 elementor-section-full_width elementor-section-height-default elementor-section-height-default qodef-elementor-content-no\" data-id=\"48920046\" data-element_type=\"section\" data-e-type=\"section\">\n\t\t\t\t\t\t<div class=\"elementor-container elementor-column-gap-no\">\n\t\t\t\t\t<div class=\"elementor-column elementor-col-100 elementor-top-column elementor-element elementor-element-2a6f310b\" data-id=\"2a6f310b\" data-element_type=\"column\" data-e-type=\"column\" data-settings=\"{&quot;background_background&quot;:&quot;classic&quot;}\">\n\t\t\t<div class=\"elementor-widget-wrap elementor-element-populated\">\n\t\t\t\t\t\t<div class=\"elementor-element elementor-element-23f4ec0d elementor-widget elementor-widget-wp-widget-alloggio_core_contact_form_7\" data-id=\"23f4ec0d\" data-element_type=\"widget\" data-e-type=\"widget\" data-widget_type=\"wp-widget-alloggio_core_contact_form_7.default\">\n\t\t\t\t<div class=\"elementor-widget-container\">\n\t\t\t\t\t\t\t\t<div class=\"qodef-contact-form-7\">\n\t\t\t\t\n<div class=\"wpcf7 no-js\" id=\"wpcf7-f257-o2\" lang=\"en-US\" dir=\"ltr\" data-wpcf7-id=\"257\">\n<div class=\"screen-reader-response\"><p role=\"status\" aria-live=\"polite\" aria-atomic=\"true\"><\/p> <ul><\/ul><\/div>\n<form action=\"\/reserva-es\/wp-json\/wp\/v2\/pages\/2531#wpcf7-f257-o2\" method=\"post\" class=\"wpcf7-form init\" aria-label=\"Contact form\" novalidate=\"novalidate\" data-status=\"init\">\n<fieldset class=\"hidden-fields-container\"><input type=\"hidden\" name=\"_wpcf7\" value=\"257\" \/><input type=\"hidden\" name=\"_wpcf7_version\" value=\"6.1.5\" \/><input type=\"hidden\" name=\"_wpcf7_locale\" value=\"en_US\" \/><input type=\"hidden\" name=\"_wpcf7_unit_tag\" value=\"wpcf7-f257-o2\" \/><input type=\"hidden\" name=\"_wpcf7_container_post\" value=\"0\" \/><input type=\"hidden\" name=\"_wpcf7_posted_data_hash\" value=\"\" \/>\n<\/fieldset>\n<div class=\"qodef-newsletter-form-style\">\n<h2 class=\"qodef-e-title\"><span class=\"icon-basic-mail-open-text qodef-e-icon\"><\/span>Suscr\u00edbase a nuestro bolet\u00edn<\/h2><span class=\"wpcf7-form-control-wrap\" data-name=\"your-email\"><input size=\"40\" maxlength=\"400\" class=\"wpcf7-form-control wpcf7-email wpcf7-validates-as-required wpcf7-text wpcf7-validates-as-email\" aria-required=\"true\" aria-invalid=\"false\" placeholder=\"Direcci\u00f3n de correo electr\u00f3nico\" value=\"\" type=\"email\" name=\"your-email\" \/><\/span><button class=\"wpcf7-form-control wpcf7-submit qodef-button qodef-size--normal qodef-type--outlined qodef-m\" type=\"submit\"><span class=\"qodef-m-text\">Inscr\u00edbeme<\/span><\/button>\n<\/div><div class=\"wpcf7-response-output\" aria-hidden=\"true\"><\/div>\n<\/form>\n<\/div>\n\t\t\t<\/div>\n\t\t\t\t\t\t\t<\/div>\n\t\t\t\t<\/div>\n\t\t\t\t\t<\/div>\n\t\t<\/div>\n\t\t\t\t\t<\/div>\n\t\t<\/section>\n\t\t\t\t<\/div>\n\t\t","protected":false},"excerpt":{"rendered":"<p>Sinta-se livre para nos contatar Sinta-se livre para entrar em contato conosco. Valorizamos seus coment\u00e1rios, perguntas e sugest\u00f5es. Nossa equipe dedicada est\u00e1 aqui para ajud\u00e1-lo. Voc\u00ea pode entrar em contato conosco por e-mail, telefone ou preenchendo o formul\u00e1rio de contato abaixo. Esperamos ouvir de voc\u00ea em breve! Tem uma pergunta ou precisa de ajuda? Sinta-se [&hellip;]<\/p>\n","protected":false},"author":2,"featured_media":0,"parent":0,"menu_order":0,"comment_status":"closed","ping_status":"closed","template":"page-full-width.php","meta":{"footnotes":""},"class_list":["post-2531","page","type-page","status-publish","hentry"],"yoast_head":"<!-- This site is optimized with the Yoast SEO plugin v26.8 - https:\/\/yoast.com\/product\/yoast-seo-wordpress\/ -->\n<title>Contactos - Apartamentos y villas en Albufeira<\/title>\n<meta name=\"robots\" content=\"index, follow, max-snippet:-1, max-image-preview:large, max-video-preview:-1\" \/>\n<link rel=\"canonical\" href=\"https:\/\/www.sinerop.com\/reserva-es\/contact\/\" \/>\n<meta property=\"og:locale\" content=\"es_ES\" \/>\n<meta property=\"og:type\" content=\"article\" \/>\n<meta property=\"og:title\" content=\"Contactos - Apartamentos y villas en Albufeira\" \/>\n<meta property=\"og:description\" content=\"Sinta-se livre para nos contatar Sinta-se livre para entrar em contato conosco. Valorizamos seus coment\u00e1rios, perguntas e sugest\u00f5es. Nossa equipe dedicada est\u00e1 aqui para ajud\u00e1-lo. Voc\u00ea pode entrar em contato conosco por e-mail, telefone ou preenchendo o formul\u00e1rio de contato abaixo. Esperamos ouvir de voc\u00ea em breve! Tem uma pergunta ou precisa de ajuda? Sinta-se [&hellip;]\" \/>\n<meta property=\"og:url\" content=\"https:\/\/www.sinerop.com\/reserva-es\/contact\/\" \/>\n<meta property=\"og:site_name\" content=\"Apartamentos y villas en Albufeira\" \/>\n<meta property=\"article:modified_time\" content=\"2023-11-27T16:05:18+00:00\" \/>\n<meta property=\"og:image\" content=\"https:\/\/www.sinerop.com\/reserva-es\/wp-content\/uploads\/sites\/6\/2023\/10\/1643628397_1-papik-pro-p-pochta-logotip-1-1-300x300.png\" \/>\n<meta name=\"twitter:card\" content=\"summary_large_image\" \/>\n<meta name=\"twitter:label1\" content=\"Tiempo de lectura\" \/>\n\t<meta name=\"twitter:data1\" content=\"2 minutos\" \/>\n<script type=\"application\/ld+json\" class=\"yoast-schema-graph\">{\"@context\":\"https:\/\/schema.org\",\"@graph\":[{\"@type\":\"WebPage\",\"@id\":\"https:\/\/www.sinerop.com\/reserva-es\/contact\/\",\"url\":\"https:\/\/www.sinerop.com\/reserva-es\/contact\/\",\"name\":\"Contactos - Apartamentos y villas en Albufeira\",\"isPartOf\":{\"@id\":\"https:\/\/www.sinerop.com\/reserva-es\/#website\"},\"primaryImageOfPage\":{\"@id\":\"https:\/\/www.sinerop.com\/reserva-es\/contact\/#primaryimage\"},\"image\":{\"@id\":\"https:\/\/www.sinerop.com\/reserva-es\/contact\/#primaryimage\"},\"thumbnailUrl\":\"https:\/\/www.sinerop.com\/reserva-es\/wp-content\/uploads\/sites\/6\/2023\/10\/1643628397_1-papik-pro-p-pochta-logotip-1-1-300x300.png\",\"datePublished\":\"2020-09-08T13:25:00+00:00\",\"dateModified\":\"2023-11-27T16:05:18+00:00\",\"breadcrumb\":{\"@id\":\"https:\/\/www.sinerop.com\/reserva-es\/contact\/#breadcrumb\"},\"inLanguage\":\"es\",\"potentialAction\":[{\"@type\":\"ReadAction\",\"target\":[\"https:\/\/www.sinerop.com\/reserva-es\/contact\/\"]}]},{\"@type\":\"ImageObject\",\"inLanguage\":\"es\",\"@id\":\"https:\/\/www.sinerop.com\/reserva-es\/contact\/#primaryimage\",\"url\":\"https:\/\/www.sinerop.com\/reserva-es\/wp-content\/uploads\/sites\/6\/2023\/10\/1643628397_1-papik-pro-p-pochta-logotip-1-1.png\",\"contentUrl\":\"https:\/\/www.sinerop.com\/reserva-es\/wp-content\/uploads\/sites\/6\/2023\/10\/1643628397_1-papik-pro-p-pochta-logotip-1-1.png\",\"width\":1201,\"height\":1201},{\"@type\":\"BreadcrumbList\",\"@id\":\"https:\/\/www.sinerop.com\/reserva-es\/contact\/#breadcrumb\",\"itemListElement\":[{\"@type\":\"ListItem\",\"position\":1,\"name\":\"Home\",\"item\":\"https:\/\/www.sinerop.com\/reserva-es\/\"},{\"@type\":\"ListItem\",\"position\":2,\"name\":\"Contactos\"}]},{\"@type\":\"WebSite\",\"@id\":\"https:\/\/www.sinerop.com\/reserva-es\/#website\",\"url\":\"https:\/\/www.sinerop.com\/reserva-es\/\",\"name\":\"Apartamentos y villas en Albufeira\",\"description\":\"Pisos y Casas en alquiler en Albufeira\",\"potentialAction\":[{\"@type\":\"SearchAction\",\"target\":{\"@type\":\"EntryPoint\",\"urlTemplate\":\"https:\/\/www.sinerop.com\/reserva-es\/?s={search_term_string}\"},\"query-input\":{\"@type\":\"PropertyValueSpecification\",\"valueRequired\":true,\"valueName\":\"search_term_string\"}}],\"inLanguage\":\"es\"}]}<\/script>\n<!-- \/ Yoast SEO plugin. -->","yoast_head_json":{"title":"Contactos - Apartamentos y villas en Albufeira","robots":{"index":"index","follow":"follow","max-snippet":"max-snippet:-1","max-image-preview":"max-image-preview:large","max-video-preview":"max-video-preview:-1"},"canonical":"https:\/\/www.sinerop.com\/reserva-es\/contact\/","og_locale":"es_ES","og_type":"article","og_title":"Contactos - Apartamentos y villas en Albufeira","og_description":"Sinta-se livre para nos contatar Sinta-se livre para entrar em contato conosco. Valorizamos seus coment\u00e1rios, perguntas e sugest\u00f5es. Nossa equipe dedicada est\u00e1 aqui para ajud\u00e1-lo. Voc\u00ea pode entrar em contato conosco por e-mail, telefone ou preenchendo o formul\u00e1rio de contato abaixo. Esperamos ouvir de voc\u00ea em breve! Tem uma pergunta ou precisa de ajuda? Sinta-se [&hellip;]","og_url":"https:\/\/www.sinerop.com\/reserva-es\/contact\/","og_site_name":"Apartamentos y villas en Albufeira","article_modified_time":"2023-11-27T16:05:18+00:00","og_image":[{"url":"https:\/\/www.sinerop.com\/reserva-es\/wp-content\/uploads\/sites\/6\/2023\/10\/1643628397_1-papik-pro-p-pochta-logotip-1-1-300x300.png","type":"","width":"","height":""}],"twitter_card":"summary_large_image","twitter_misc":{"Tiempo de lectura":"2 minutos"},"schema":{"@context":"https:\/\/schema.org","@graph":[{"@type":"WebPage","@id":"https:\/\/www.sinerop.com\/reserva-es\/contact\/","url":"https:\/\/www.sinerop.com\/reserva-es\/contact\/","name":"Contactos - Apartamentos y villas en Albufeira","isPartOf":{"@id":"https:\/\/www.sinerop.com\/reserva-es\/#website"},"primaryImageOfPage":{"@id":"https:\/\/www.sinerop.com\/reserva-es\/contact\/#primaryimage"},"image":{"@id":"https:\/\/www.sinerop.com\/reserva-es\/contact\/#primaryimage"},"thumbnailUrl":"https:\/\/www.sinerop.com\/reserva-es\/wp-content\/uploads\/sites\/6\/2023\/10\/1643628397_1-papik-pro-p-pochta-logotip-1-1-300x300.png","datePublished":"2020-09-08T13:25:00+00:00","dateModified":"2023-11-27T16:05:18+00:00","breadcrumb":{"@id":"https:\/\/www.sinerop.com\/reserva-es\/contact\/#breadcrumb"},"inLanguage":"es","potentialAction":[{"@type":"ReadAction","target":["https:\/\/www.sinerop.com\/reserva-es\/contact\/"]}]},{"@type":"ImageObject","inLanguage":"es","@id":"https:\/\/www.sinerop.com\/reserva-es\/contact\/#primaryimage","url":"https:\/\/www.sinerop.com\/reserva-es\/wp-content\/uploads\/sites\/6\/2023\/10\/1643628397_1-papik-pro-p-pochta-logotip-1-1.png","contentUrl":"https:\/\/www.sinerop.com\/reserva-es\/wp-content\/uploads\/sites\/6\/2023\/10\/1643628397_1-papik-pro-p-pochta-logotip-1-1.png","width":1201,"height":1201},{"@type":"BreadcrumbList","@id":"https:\/\/www.sinerop.com\/reserva-es\/contact\/#breadcrumb","itemListElement":[{"@type":"ListItem","position":1,"name":"Home","item":"https:\/\/www.sinerop.com\/reserva-es\/"},{"@type":"ListItem","position":2,"name":"Contactos"}]},{"@type":"WebSite","@id":"https:\/\/www.sinerop.com\/reserva-es\/#website","url":"https:\/\/www.sinerop.com\/reserva-es\/","name":"Apartamentos y villas en Albufeira","description":"Pisos y Casas en alquiler en Albufeira","potentialAction":[{"@type":"SearchAction","target":{"@type":"EntryPoint","urlTemplate":"https:\/\/www.sinerop.com\/reserva-es\/?s={search_term_string}"},"query-input":{"@type":"PropertyValueSpecification","valueRequired":true,"valueName":"search_term_string"}}],"inLanguage":"es"}]}},"_links":{"self":[{"href":"https:\/\/www.sinerop.com\/reserva-es\/wp-json\/wp\/v2\/pages\/2531","targetHints":{"allow":["GET"]}}],"collection":[{"href":"https:\/\/www.sinerop.com\/reserva-es\/wp-json\/wp\/v2\/pages"}],"about":[{"href":"https:\/\/www.sinerop.com\/reserva-es\/wp-json\/wp\/v2\/types\/page"}],"author":[{"embeddable":true,"href":"https:\/\/www.sinerop.com\/reserva-es\/wp-json\/wp\/v2\/users\/2"}],"replies":[{"embeddable":true,"href":"https:\/\/www.sinerop.com\/reserva-es\/wp-json\/wp\/v2\/comments?post=2531"}],"version-history":[{"count":91,"href":"https:\/\/www.sinerop.com\/reserva-es\/wp-json\/wp\/v2\/pages\/2531\/revisions"}],"predecessor-version":[{"id":5861,"href":"https:\/\/www.sinerop.com\/reserva-es\/wp-json\/wp\/v2\/pages\/2531\/revisions\/5861"}],"wp:attachment":[{"href":"https:\/\/www.sinerop.com\/reserva-es\/wp-json\/wp\/v2\/media?parent=2531"}],"curies":[{"name":"wp","href":"https:\/\/api.w.org\/{rel}","templated":true}]}}