{"id":677,"date":"2020-03-23T11:21:20","date_gmt":"2020-03-23T11:21:20","guid":{"rendered":"https:\/\/alloggio.qodeinteractive.com\/?page_id=677"},"modified":"2020-03-23T11:21:20","modified_gmt":"2020-03-23T11:21:20","slug":"left-sidebar","status":"publish","type":"page","link":"https:\/\/www.sinerop.com\/booking-pt\/left-sidebar\/","title":{"rendered":"Left Sidebar"},"content":{"rendered":"\t\t<div data-elementor-type=\"wp-page\" data-elementor-id=\"677\" class=\"elementor elementor-677\">\n\t\t\t\t\t\t<section class=\"elementor-section elementor-top-section elementor-element elementor-element-28572c5 elementor-section-full_width elementor-section-height-default elementor-section-height-default qodef-elementor-content-no\" data-id=\"28572c5\" data-element_type=\"section\" data-e-type=\"section\">\n\t\t\t\t\t\t<div class=\"elementor-container elementor-column-gap-no\">\n\t\t\t\t\t<div class=\"elementor-column elementor-col-100 elementor-top-column elementor-element elementor-element-11357d8\" data-id=\"11357d8\" data-element_type=\"column\" data-e-type=\"column\">\n\t\t\t<div class=\"elementor-widget-wrap elementor-element-populated\">\n\t\t\t\t\t\t<div class=\"elementor-element elementor-element-939d475 elementor-widget elementor-widget-alloggio_core_blog_list\" data-id=\"939d475\" data-element_type=\"widget\" data-e-type=\"widget\" data-widget_type=\"alloggio_core_blog_list.default\">\n\t\t\t\t<div class=\"elementor-widget-container\">\n\t\t\t\t\t<div class=\"qodef-shortcode qodef-m  qodef-blog qodef--list qodef-item-layout--standard   qodef-grid qodef-layout--columns  qodef-gutter--normal qodef-col-num--1 qodef-item-layout--standard qodef-pagination--on qodef-pagination-type--standard qodef-responsive--predefined\" data-options=\"{&quot;plugin&quot;:&quot;alloggio_core&quot;,&quot;module&quot;:&quot;blog\\\/shortcodes&quot;,&quot;shortcode&quot;:&quot;blog-list&quot;,&quot;post_type&quot;:&quot;post&quot;,&quot;next_page&quot;:&quot;2&quot;,&quot;max_pages_num&quot;:1,&quot;behavior&quot;:&quot;columns&quot;,&quot;images_proportion&quot;:&quot;full&quot;,&quot;columns&quot;:&quot;1&quot;,&quot;columns_responsive&quot;:&quot;predefined&quot;,&quot;space&quot;:&quot;normal&quot;,&quot;posts_per_page&quot;:&quot;6&quot;,&quot;orderby&quot;:&quot;date&quot;,&quot;order&quot;:&quot;ASC&quot;,&quot;additional_params&quot;:&quot;tax&quot;,&quot;tax&quot;:&quot;category&quot;,&quot;tax_slug&quot;:&quot;City Guide&quot;,&quot;layout&quot;:&quot;standard&quot;,&quot;title_tag&quot;:&quot;h3&quot;,&quot;enable_animation&quot;:&quot;no&quot;,&quot;enable_author_info&quot;:&quot;yes&quot;,&quot;enable_read_more&quot;:&quot;yes&quot;,&quot;excerpt_length&quot;:&quot;397&quot;,&quot;pagination_type&quot;:&quot;standard&quot;,&quot;object_class_name&quot;:&quot;AlloggioCoreBlogListShortcode&quot;,&quot;taxonomy_filter&quot;:&quot;category&quot;,&quot;additional_query_args&quot;:{&quot;tax_query&quot;:[{&quot;taxonomy&quot;:&quot;category&quot;,&quot;field&quot;:&quot;slug&quot;,&quot;terms&quot;:&quot;City Guide&quot;}]},&quot;space_value&quot;:15}\">\n\t\t<div class=\"qodef-grid-inner clear\">\n\t\t<article class=\"qodef-e qodef-blog-item qodef-grid-item qodef-item--full post-4707 post type-post status-publish format-standard has-post-thumbnail hentry category-city-guide\">\n\t<div class=\"qodef-e-inner\">\n\t\t<div class=\"qodef-e-media\">\n\t\t<div class=\"qodef-e-media-image\">\n\t\t<a itemprop=\"url\" href=\"https:\/\/www.sinerop.com\/booking-pt\/ferias-aluguel-apartamento-villa\/\">\n\t\t\t<img fetchpriority=\"high\" decoding=\"async\" width=\"847\" height=\"847\" src=\"https:\/\/www.sinerop.com\/booking-pt\/wp-content\/uploads\/sites\/4\/2023\/09\/Portugal-albufeira-ocean-Beach-1-1-e1694715059835.jpg\" class=\"attachment-full size-full\" alt=\"Portugal albufeira ocean Beach\" srcset=\"https:\/\/www.sinerop.com\/booking-pt\/wp-content\/uploads\/sites\/4\/2023\/09\/Portugal-albufeira-ocean-Beach-1-1-e1694715059835.jpg 847w, https:\/\/www.sinerop.com\/booking-pt\/wp-content\/uploads\/sites\/4\/2023\/09\/Portugal-albufeira-ocean-Beach-1-1-e1694715059835-300x300.jpg 300w, https:\/\/www.sinerop.com\/booking-pt\/wp-content\/uploads\/sites\/4\/2023\/09\/Portugal-albufeira-ocean-Beach-1-1-e1694715059835-150x150.jpg 150w, https:\/\/www.sinerop.com\/booking-pt\/wp-content\/uploads\/sites\/4\/2023\/09\/Portugal-albufeira-ocean-Beach-1-1-e1694715059835-768x768.jpg 768w, https:\/\/www.sinerop.com\/booking-pt\/wp-content\/uploads\/sites\/4\/2023\/09\/Portugal-albufeira-ocean-Beach-1-1-e1694715059835-650x650.jpg 650w, https:\/\/www.sinerop.com\/booking-pt\/wp-content\/uploads\/sites\/4\/2023\/09\/Portugal-albufeira-ocean-Beach-1-1-e1694715059835-600x600.jpg 600w, https:\/\/www.sinerop.com\/booking-pt\/wp-content\/uploads\/sites\/4\/2023\/09\/Portugal-albufeira-ocean-Beach-1-1-e1694715059835-100x100.jpg 100w\" sizes=\"(max-width: 847px) 100vw, 847px\" \/>\t\t<\/a>\n\t<\/div>\n<\/div>\t\t<div class=\"qodef-e-content\">\n\t\t\t<div class=\"qodef-e-info qodef-info--top\">\n\t\t\t\t<div itemprop=\"dateCreated\" class=\"qodef-e-info-item qodef-e-info-date entry-date \">\n\t<a itemprop=\"url\" href=\"https:\/\/www.sinerop.com\/booking-pt\/2023\/09\/\">06.09.2023<\/a>\n\t<meta itemprop=\"interactionCount\" content=\"UserComments: 0\"\/>\n<\/div><div class=\"qodef-e-info-item qodef-e-info-author\">\n\t<a itemprop=\"author\" class=\"qodef-e-info-author-link\" href=\"https:\/\/www.sinerop.com\/booking-pt\/author\/mamuka-2\/\">\n\t\tSinerop\t<\/a>\n<\/div>\t\t\t<\/div>\n\t\t\t<div class=\"qodef-e-text\">\n\t\t\t\t<h3 itemprop=\"name\" class=\"qodef-e-title entry-title\" >\n\t<a itemprop=\"url\" class=\"qodef-e-title-link\" href=\"https:\/\/www.sinerop.com\/booking-pt\/ferias-aluguel-apartamento-villa\/\">\n\t\tSobre n\u00f3s:\t<\/a>\n<\/h3>\t\t<p itemprop=\"description\" class=\"qodef-e-excerpt\">Gerimos a sua propriedade e aumentamos a sua receita \u00c9 uma empresa 100% portuguesa especializada na gest\u00e3o de patrim\u00f3nio para Alojamento Local com sede em Albufeira. Com escrit\u00f3rio aberto desde 2017,\u00a0 tem como miss\u00e3o optimizar as receitas de todos os propriet\u00e1rios que pretendam entrar no mercado de arrendamentos de curta dura\u00e7\u00e3o e proporcionar uma experi\u00eancia [&hellip;]<\/p>\n\t\t\t\t<\/div>\n\t\t\t\t\t\t\t<div class=\"qodef-e-info qodef-info--bottom\">\n\t\t\t\t\t\t<div class=\"qodef-e-read-more\">\n\t\t<a class=\"qodef-shortcode qodef-m  qodef-button qodef-layout--textual  qodef-html--link\" href=\"https:\/\/www.sinerop.com\/booking-pt\/ferias-aluguel-apartamento-villa\/\" target=\"_self\"  >\t<span class=\"qodef-m-text\">Read More<\/span>\t<span class=\"qodef-m-plus\"><\/span><\/a>\t<\/div>\n\t\t\t\t<\/div>\n\t\t\t\t\t<\/div>\n\t<\/div>\n<\/article>\t<\/div>\n\t<\/div>\t\t\t\t<\/div>\n\t\t\t\t<\/div>\n\t\t\t\t\t<\/div>\n\t\t<\/div>\n\t\t\t\t\t<\/div>\n\t\t<\/section>\n\t\t\t\t<\/div>\n\t\t","protected":false},"excerpt":{"rendered":"<p>March 19, 2020 Amy Burton Top 5 Restaurants in a Quiet Malmo Street Lorem ipsum dolor sit amet, consectetur adipiscing elit. Nullam blandit hendrerit faucibus. Suspendisse hendrerit turpis dui, eget ultricies erat consequat ut. Sed ac velit iaculis, condimentum neque eu, maximus urna. Maecenas vitae nunc sit amet risus aliquet facilisis. Cum sociis natoque penatibus [&hellip;]<\/p>\n","protected":false},"author":2,"featured_media":0,"parent":0,"menu_order":0,"comment_status":"closed","ping_status":"closed","template":"","meta":{"footnotes":""},"class_list":["post-677","page","type-page","status-publish","hentry"],"yoast_head":"<!-- This site is optimized with the Yoast SEO plugin v26.8 - https:\/\/yoast.com\/product\/yoast-seo-wordpress\/ -->\n<title>Left Sidebar - Apartamentos e Vilas em Albufeira<\/title>\n<meta name=\"robots\" content=\"index, follow, max-snippet:-1, max-image-preview:large, max-video-preview:-1\" \/>\n<link rel=\"canonical\" href=\"https:\/\/www.sinerop.com\/booking-pt\/left-sidebar\/\" \/>\n<meta property=\"og:locale\" content=\"pt_PT\" \/>\n<meta property=\"og:type\" content=\"article\" \/>\n<meta property=\"og:title\" content=\"Left Sidebar - Apartamentos e Vilas em Albufeira\" \/>\n<meta property=\"og:description\" content=\"March 19, 2020 Amy Burton Top 5 Restaurants in a Quiet Malmo Street Lorem ipsum dolor sit amet, consectetur adipiscing elit. Nullam blandit hendrerit faucibus. Suspendisse hendrerit turpis dui, eget ultricies erat consequat ut. Sed ac velit iaculis, condimentum neque eu, maximus urna. Maecenas vitae nunc sit amet risus aliquet facilisis. Cum sociis natoque penatibus [&hellip;]\" \/>\n<meta property=\"og:url\" content=\"https:\/\/www.sinerop.com\/booking-pt\/left-sidebar\/\" \/>\n<meta property=\"og:site_name\" content=\"Apartamentos e Vilas em Albufeira\" \/>\n<meta property=\"og:image\" content=\"https:\/\/alloggio.qodeinteractive.com\/wp-content\/uploads\/sites\/4\/2020\/03\/blog-featured-img-1.jpg\" \/>\n<meta name=\"twitter:card\" content=\"summary_large_image\" \/>\n<meta name=\"twitter:label1\" content=\"Tempo estimado de leitura\" \/>\n\t<meta name=\"twitter:data1\" content=\"2 minutos\" \/>\n<script type=\"application\/ld+json\" class=\"yoast-schema-graph\">{\"@context\":\"https:\/\/schema.org\",\"@graph\":[{\"@type\":\"WebPage\",\"@id\":\"https:\/\/www.sinerop.com\/booking-pt\/left-sidebar\/\",\"url\":\"https:\/\/www.sinerop.com\/booking-pt\/left-sidebar\/\",\"name\":\"Left Sidebar - Apartamentos e Vilas em Albufeira\",\"isPartOf\":{\"@id\":\"https:\/\/www.sinerop.com\/booking-pt\/#website\"},\"primaryImageOfPage\":{\"@id\":\"https:\/\/www.sinerop.com\/booking-pt\/left-sidebar\/#primaryimage\"},\"image\":{\"@id\":\"https:\/\/www.sinerop.com\/booking-pt\/left-sidebar\/#primaryimage\"},\"thumbnailUrl\":\"https:\/\/alloggio.qodeinteractive.com\/wp-content\/uploads\/sites\/4\/2020\/03\/blog-featured-img-1.jpg\",\"datePublished\":\"2020-03-23T11:21:20+00:00\",\"breadcrumb\":{\"@id\":\"https:\/\/www.sinerop.com\/booking-pt\/left-sidebar\/#breadcrumb\"},\"inLanguage\":\"pt-PT\",\"potentialAction\":[{\"@type\":\"ReadAction\",\"target\":[\"https:\/\/www.sinerop.com\/booking-pt\/left-sidebar\/\"]}]},{\"@type\":\"ImageObject\",\"inLanguage\":\"pt-PT\",\"@id\":\"https:\/\/www.sinerop.com\/booking-pt\/left-sidebar\/#primaryimage\",\"url\":\"https:\/\/alloggio.qodeinteractive.com\/wp-content\/uploads\/sites\/4\/2020\/03\/blog-featured-img-1.jpg\",\"contentUrl\":\"https:\/\/alloggio.qodeinteractive.com\/wp-content\/uploads\/sites\/4\/2020\/03\/blog-featured-img-1.jpg\"},{\"@type\":\"BreadcrumbList\",\"@id\":\"https:\/\/www.sinerop.com\/booking-pt\/left-sidebar\/#breadcrumb\",\"itemListElement\":[{\"@type\":\"ListItem\",\"position\":1,\"name\":\"Home\",\"item\":\"https:\/\/www.sinerop.com\/booking-pt\/\"},{\"@type\":\"ListItem\",\"position\":2,\"name\":\"Left Sidebar\"}]},{\"@type\":\"WebSite\",\"@id\":\"https:\/\/www.sinerop.com\/booking-pt\/#website\",\"url\":\"https:\/\/www.sinerop.com\/booking-pt\/\",\"name\":\"Apartamentos e Vilas em Albufeira\",\"description\":\"Apartamentos e Moradias para alugar em Albufeira\",\"potentialAction\":[{\"@type\":\"SearchAction\",\"target\":{\"@type\":\"EntryPoint\",\"urlTemplate\":\"https:\/\/www.sinerop.com\/booking-pt\/?s={search_term_string}\"},\"query-input\":{\"@type\":\"PropertyValueSpecification\",\"valueRequired\":true,\"valueName\":\"search_term_string\"}}],\"inLanguage\":\"pt-PT\"}]}<\/script>\n<!-- \/ Yoast SEO plugin. -->","yoast_head_json":{"title":"Left Sidebar - Apartamentos e Vilas em Albufeira","robots":{"index":"index","follow":"follow","max-snippet":"max-snippet:-1","max-image-preview":"max-image-preview:large","max-video-preview":"max-video-preview:-1"},"canonical":"https:\/\/www.sinerop.com\/booking-pt\/left-sidebar\/","og_locale":"pt_PT","og_type":"article","og_title":"Left Sidebar - Apartamentos e Vilas em Albufeira","og_description":"March 19, 2020 Amy Burton Top 5 Restaurants in a Quiet Malmo Street Lorem ipsum dolor sit amet, consectetur adipiscing elit. Nullam blandit hendrerit faucibus. Suspendisse hendrerit turpis dui, eget ultricies erat consequat ut. Sed ac velit iaculis, condimentum neque eu, maximus urna. Maecenas vitae nunc sit amet risus aliquet facilisis. Cum sociis natoque penatibus [&hellip;]","og_url":"https:\/\/www.sinerop.com\/booking-pt\/left-sidebar\/","og_site_name":"Apartamentos e Vilas em Albufeira","og_image":[{"url":"https:\/\/alloggio.qodeinteractive.com\/wp-content\/uploads\/sites\/4\/2020\/03\/blog-featured-img-1.jpg","type":"","width":"","height":""}],"twitter_card":"summary_large_image","twitter_misc":{"Tempo estimado de leitura":"2 minutos"},"schema":{"@context":"https:\/\/schema.org","@graph":[{"@type":"WebPage","@id":"https:\/\/www.sinerop.com\/booking-pt\/left-sidebar\/","url":"https:\/\/www.sinerop.com\/booking-pt\/left-sidebar\/","name":"Left Sidebar - Apartamentos e Vilas em Albufeira","isPartOf":{"@id":"https:\/\/www.sinerop.com\/booking-pt\/#website"},"primaryImageOfPage":{"@id":"https:\/\/www.sinerop.com\/booking-pt\/left-sidebar\/#primaryimage"},"image":{"@id":"https:\/\/www.sinerop.com\/booking-pt\/left-sidebar\/#primaryimage"},"thumbnailUrl":"https:\/\/alloggio.qodeinteractive.com\/wp-content\/uploads\/sites\/4\/2020\/03\/blog-featured-img-1.jpg","datePublished":"2020-03-23T11:21:20+00:00","breadcrumb":{"@id":"https:\/\/www.sinerop.com\/booking-pt\/left-sidebar\/#breadcrumb"},"inLanguage":"pt-PT","potentialAction":[{"@type":"ReadAction","target":["https:\/\/www.sinerop.com\/booking-pt\/left-sidebar\/"]}]},{"@type":"ImageObject","inLanguage":"pt-PT","@id":"https:\/\/www.sinerop.com\/booking-pt\/left-sidebar\/#primaryimage","url":"https:\/\/alloggio.qodeinteractive.com\/wp-content\/uploads\/sites\/4\/2020\/03\/blog-featured-img-1.jpg","contentUrl":"https:\/\/alloggio.qodeinteractive.com\/wp-content\/uploads\/sites\/4\/2020\/03\/blog-featured-img-1.jpg"},{"@type":"BreadcrumbList","@id":"https:\/\/www.sinerop.com\/booking-pt\/left-sidebar\/#breadcrumb","itemListElement":[{"@type":"ListItem","position":1,"name":"Home","item":"https:\/\/www.sinerop.com\/booking-pt\/"},{"@type":"ListItem","position":2,"name":"Left Sidebar"}]},{"@type":"WebSite","@id":"https:\/\/www.sinerop.com\/booking-pt\/#website","url":"https:\/\/www.sinerop.com\/booking-pt\/","name":"Apartamentos e Vilas em Albufeira","description":"Apartamentos e Moradias para alugar em Albufeira","potentialAction":[{"@type":"SearchAction","target":{"@type":"EntryPoint","urlTemplate":"https:\/\/www.sinerop.com\/booking-pt\/?s={search_term_string}"},"query-input":{"@type":"PropertyValueSpecification","valueRequired":true,"valueName":"search_term_string"}}],"inLanguage":"pt-PT"}]}},"_links":{"self":[{"href":"https:\/\/www.sinerop.com\/booking-pt\/wp-json\/wp\/v2\/pages\/677","targetHints":{"allow":["GET"]}}],"collection":[{"href":"https:\/\/www.sinerop.com\/booking-pt\/wp-json\/wp\/v2\/pages"}],"about":[{"href":"https:\/\/www.sinerop.com\/booking-pt\/wp-json\/wp\/v2\/types\/page"}],"author":[{"embeddable":true,"href":"https:\/\/www.sinerop.com\/booking-pt\/wp-json\/wp\/v2\/users\/2"}],"replies":[{"embeddable":true,"href":"https:\/\/www.sinerop.com\/booking-pt\/wp-json\/wp\/v2\/comments?post=677"}],"version-history":[{"count":0,"href":"https:\/\/www.sinerop.com\/booking-pt\/wp-json\/wp\/v2\/pages\/677\/revisions"}],"wp:attachment":[{"href":"https:\/\/www.sinerop.com\/booking-pt\/wp-json\/wp\/v2\/media?parent=677"}],"curies":[{"name":"wp","href":"https:\/\/api.w.org\/{rel}","templated":true}]}}